{"id":3462,"date":"2022-03-25T16:17:25","date_gmt":"2022-03-25T15:17:25","guid":{"rendered":"https:\/\/www.myfrenchtour.com\/gift-card\/"},"modified":"2024-05-17T14:51:27","modified_gmt":"2024-05-17T12:51:27","slug":"gift-card","status":"publish","type":"page","link":"https:\/\/www.myfrenchtour.com\/en\/gift-card\/","title":{"rendered":"Gift card"},"content":{"rendered":"<p>[et_pb_section fb_built=&#8221;1&#8243; fullwidth=&#8221;on&#8221; admin_label=&#8221;Section titre&#8221; _builder_version=&#8221;4.16&#8243; bottom_divider_style=&#8221;waves2&#8243; bottom_divider_color=&#8221;#ffffff&#8221; bottom_divider_height=&#8221;36px&#8221; bottom_divider_flip=&#8221;horizontal|vertical&#8221; global_colors_info=&#8221;{}&#8221;][et_pb_fullwidth_header title=&#8221;@ET-DC@eyJkeW5hbWljIjp0cnVlLCJjb250ZW50IjoicG9zdF90aXRsZSIsInNldHRpbmdzIjp7ImJlZm9yZSI6IiIsImFmdGVyIjoiIn19@&#8221; _builder_version=&#8221;4.16&#8243; _dynamic_attributes=&#8221;title,background_image&#8221; title_font_size=&#8221;50px&#8221; content_font=&#8221;|600|||||||&#8221; background_color=&#8221;#033345&#8243; custom_padding=&#8221;||78px|||&#8221; global_colors_info=&#8221;{}&#8221;]<\/p>\n<p>&#8211; My French Tour &#8211;<\/p>\n<p>[\/et_pb_fullwidth_header][\/et_pb_section][et_pb_section fb_built=&#8221;1&#8243; disabled_on=&#8221;off|off|off&#8221; admin_label=&#8221;section&#8221; _builder_version=&#8221;4.19.2&#8243; hover_enabled=&#8221;0&#8243; global_colors_info=&#8221;{}&#8221; sticky_enabled=&#8221;0&#8243;][et_pb_row admin_label=&#8221;Row&#8221; _builder_version=&#8221;4.16&#8243; background_size=&#8221;initial&#8221; background_position=&#8221;top_left&#8221; background_repeat=&#8221;repeat&#8221; global_colors_info=&#8221;{}&#8221;][et_pb_column type=&#8221;4_4&#8243; _builder_version=&#8221;4.16&#8243; custom_padding=&#8221;|||&#8221; global_colors_info=&#8221;{}&#8221; custom_padding__hover=&#8221;|||&#8221;][et_pb_text _builder_version=&#8221;4.16&#8243; locked=&#8221;off&#8221; global_colors_info=&#8221;{}&#8221;]<\/p>\n<h2 style=\"text-align: center;\">Looking for a unique gift ?<\/h2>\n<p style=\"text-align: center;\">Do you want to delight your loved ones for the holiday season or a birthday?<br \/>Give your loved ones an unforgettable stroll through the Burgundy vineyards!<br \/>They can select the dates of their getaway by booking on the website or by contacting us by phone or email.<br \/>Our gift cards are valid for 1 year from the date of purchase.<br \/>We will send you a lovely gift voucher by mail to give to your loved ones.<\/p>\n<p>[\/et_pb_text][\/et_pb_column][\/et_pb_row][\/et_pb_section][et_pb_section fb_built=&#8221;1&#8243; disabled_on=&#8221;on|on|off&#8221; admin_label=&#8221;section&#8221; _builder_version=&#8221;4.19.2&#8243; hover_enabled=&#8221;0&#8243; global_colors_info=&#8221;{}&#8221; sticky_enabled=&#8221;0&#8243;][et_pb_row disabled_on=&#8221;off|off|off&#8221; admin_label=&#8221;Row&#8221; _builder_version=&#8221;4.19.2&#8243; background_size=&#8221;initial&#8221; background_position=&#8221;top_left&#8221; background_repeat=&#8221;repeat&#8221; global_colors_info=&#8221;{}&#8221;][et_pb_column type=&#8221;4_4&#8243; _builder_version=&#8221;4.16&#8243; custom_padding=&#8221;|||&#8221; global_colors_info=&#8221;{}&#8221; custom_padding__hover=&#8221;|||&#8221;][et_pb_text admin_label=&#8221;Widget RD desktop&#8221; _builder_version=&#8221;4.19.2&#8243; background_size=&#8221;initial&#8221; background_position=&#8221;top_left&#8221; background_repeat=&#8221;repeat&#8221; hover_enabled=&#8221;0&#8243; global_colors_info=&#8221;{}&#8221; sticky_enabled=&#8221;0&#8243;]<\/p>\n<p><span><product-details-widget widget-id=\"41a56565-84f1-4a1b-8173-02fae841567c\"><\/product-details-widget><script type=\"text\/javascript\" src=\"https:\/\/widgets.regiondo.net\/product\/v1\/product-widget.min.js\"><\/script><\/span><\/p>\n<p>[\/et_pb_text][\/et_pb_column][\/et_pb_row][\/et_pb_section][et_pb_section fb_built=&#8221;1&#8243; disabled_on=&#8221;off|off|on&#8221; admin_label=&#8221;section&#8221; _builder_version=&#8221;4.19.2&#8243; hover_enabled=&#8221;0&#8243; global_colors_info=&#8221;{}&#8221; sticky_enabled=&#8221;0&#8243;][et_pb_row disabled_on=&#8221;off|off|off&#8221; admin_label=&#8221;Row&#8221; _builder_version=&#8221;4.19.2&#8243; background_size=&#8221;initial&#8221; background_position=&#8221;top_left&#8221; background_repeat=&#8221;repeat&#8221; global_colors_info=&#8221;{}&#8221;][et_pb_column type=&#8221;4_4&#8243; _builder_version=&#8221;4.16&#8243; custom_padding=&#8221;|||&#8221; global_colors_info=&#8221;{}&#8221; custom_padding__hover=&#8221;|||&#8221;][et_pb_text admin_label=&#8221;Widget RD mobile&#8221; _builder_version=&#8221;4.19.2&#8243; background_size=&#8221;initial&#8221; background_position=&#8221;top_left&#8221; background_repeat=&#8221;repeat&#8221; hover_enabled=&#8221;0&#8243; global_colors_info=&#8221;{}&#8221; sticky_enabled=&#8221;0&#8243;]<\/p>\n<p><span><template id=\"product-catalog-widget-styles\">\r\n<style>\r\n.Re-c-MuiButton-label{\r\n    visibility:hidden !important;\r\n  }\r\n  .Re-c-MuiButton-label::after{\r\n    content:'Offrez un bon cadeau'!important;\r\n    visibility:visible !important;\r\n    position:absolute;\r\n    line-height: 1.1;\r\n  }\r\n  .Re-c-MuiButton-containedPrimary.Re-c-MuiButton-disableElevation {\r\npadding: 12px 16px!Important;\r\n}\r\n<\/style>\r\n<\/template>\r\n<product-catalog-widget styles-template-id=\"product-catalog-widget-styles\" widget-id=\"870702cc-ff43-46aa-98c2-3875d3ab5df1\">\u2026<\/product-catalog-widget><script type=\"text\/javascript\" src=\"https:\/\/widgets.regiondo.net\/catalog\/v1\/catalog-widget.min.js\"><\/script><\/span><\/p>\n<p>[\/et_pb_text][\/et_pb_column][\/et_pb_row][\/et_pb_section][et_pb_section fb_built=&#8221;1&#8243; prev_background_color=&#8221;#ffffff&#8221; admin_label=&#8221;CTA Section&#8221; _builder_version=&#8221;4.19.0&#8243; background_color=&#8221;rgba(3,51,69,0.3)&#8221; use_background_color_gradient=&#8221;on&#8221; background_color_gradient_stops=&#8221;rgba(249,242,232,0) 0%|#033345 100%&#8221; background_color_gradient_start=&#8221;rgba(249,242,232,0)&#8221; background_color_gradient_end=&#8221;#033345&#8243; background_image=&#8221;https:\/\/www.myfrenchtour.com\/wp-content\/uploads\/2022\/11\/006_ETIENNE-RAMOUSSE_MY-FRENCH-TOUR__AUTOMNE_SITE-INTERNET_2022.jpg&#8221; background_blend=&#8221;multiply&#8221; custom_padding=&#8221;130px||132px||false|&#8221; top_divider_style=&#8221;waves2&#8243; top_divider_height=&#8221;70px&#8221; top_divider_repeat=&#8221;1x&#8221; background_color_gradient_stops_tablet=&#8221;rgba(249,242,232,0) 0%|#033345 100%&#8221; background_color_gradient_stops_phone=&#8221;rgba(249,242,232,0) 0%|#033345 100%&#8221; global_module=&#8221;321&#8243; global_colors_info=&#8221;{}&#8221;][et_pb_row column_structure=&#8221;2_3,1_3&#8243; admin_label=&#8221;CTA Area&#8221; _builder_version=&#8221;4.16&#8243; locked=&#8221;off&#8221; global_colors_info=&#8221;{}&#8221;][et_pb_column type=&#8221;2_3&#8243; _builder_version=&#8221;4.16&#8243; custom_padding=&#8221;|||&#8221; global_colors_info=&#8221;{}&#8221; custom_padding__hover=&#8221;|||&#8221;][et_pb_text _builder_version=&#8221;4.16&#8243; text_font=&#8221;Abril Fatface||||||||&#8221; text_font_size=&#8221;40px&#8221; text_line_height=&#8221;1em&#8221; text_orientation=&#8221;center&#8221; background_layout=&#8221;dark&#8221; module_alignment=&#8221;center&#8221; custom_padding=&#8221;||20px|&#8221; animation_style=&#8221;flip&#8221; animation_intensity_flip=&#8221;20%&#8221; animation_starting_opacity=&#8221;200%&#8221; text_font_size_tablet=&#8221;40px&#8221; text_font_size_phone=&#8221;36px&#8221; text_font_size_last_edited=&#8221;on|desktop&#8221; text_text_shadow_style=&#8221;preset3&#8243; global_colors_info=&#8221;{}&#8221;]<\/p>\n<p>Book your unique experience!<\/p>\n<p>[\/et_pb_text][\/et_pb_column][et_pb_column type=&#8221;1_3&#8243; _builder_version=&#8221;4.16&#8243; custom_padding=&#8221;|||&#8221; global_colors_info=&#8221;{}&#8221; custom_padding__hover=&#8221;|||&#8221;][et_pb_button button_url=&#8221;\/contact-reservation\/&#8221; button_text=&#8221;Contact us&#8221; button_alignment=&#8221;center&#8221; _builder_version=&#8221;4.16&#8243; animation_style=&#8221;fade&#8221; button_letter_spacing_hover=&#8221;0&#8243; global_colors_info=&#8221;{}&#8221; button_text_size__hover_enabled=&#8221;off&#8221; button_one_text_size__hover_enabled=&#8221;off&#8221; button_two_text_size__hover_enabled=&#8221;off&#8221; button_text_color__hover_enabled=&#8221;off&#8221; button_one_text_color__hover_enabled=&#8221;off&#8221; button_two_text_color__hover_enabled=&#8221;off&#8221; button_border_width__hover_enabled=&#8221;off&#8221; button_one_border_width__hover_enabled=&#8221;off&#8221; button_two_border_width__hover_enabled=&#8221;off&#8221; button_border_color__hover_enabled=&#8221;off&#8221; button_one_border_color__hover_enabled=&#8221;off&#8221; button_two_border_color__hover_enabled=&#8221;off&#8221; button_border_radius__hover_enabled=&#8221;off&#8221; button_one_border_radius__hover_enabled=&#8221;off&#8221; button_two_border_radius__hover_enabled=&#8221;off&#8221; button_letter_spacing__hover_enabled=&#8221;on&#8221; button_letter_spacing__hover=&#8221;0&#8243; button_one_letter_spacing__hover_enabled=&#8221;off&#8221; button_two_letter_spacing__hover_enabled=&#8221;off&#8221; button_bg_color__hover_enabled=&#8221;off&#8221; button_one_bg_color__hover_enabled=&#8221;off&#8221; button_two_bg_color__hover_enabled=&#8221;off&#8221;][\/et_pb_button][\/et_pb_column][\/et_pb_row][\/et_pb_section]<\/p>\n","protected":false},"excerpt":{"rendered":"<p>&#8211; My French Tour -Looking for a unique gift ? Do you want to delight your loved ones for the holiday season or a birthday?Give your loved ones an unforgettable stroll through the Burgundy vineyards!They can select the dates of their getaway by booking on the website or by contacting us by phone or email.Our [&hellip;]<\/p>\n","protected":false},"author":1,"featured_media":2914,"parent":0,"menu_order":0,"comment_status":"closed","ping_status":"closed","template":"","meta":{"_et_pb_use_builder":"on","_et_pb_old_content":"","_et_gb_content_width":"","inline_featured_image":false,"footnotes":""},"class_list":["post-3462","page","type-page","status-publish","has-post-thumbnail","hentry"],"yoast_head":"<!-- This site is optimized with the Yoast SEO plugin v27.5 - https:\/\/yoast.com\/product\/yoast-seo-wordpress\/ -->\n<title>Gift card - My French Tour<\/title>\n<meta name=\"description\" content=\"D\u00e9couvrez la Bourgogne et son vignobles. R\u00e9servez un tour insolite et explorez la route des vins de Bourgogne. Visites de caves, d\u00e9gustations, evg\/ evjf.\" \/>\n<meta name=\"robots\" content=\"index, follow, max-snippet:-1, max-image-preview:large, max-video-preview:-1\" \/>\n<link rel=\"canonical\" href=\"https:\/\/www.myfrenchtour.com\/en\/gift-card\/\" \/>\n<meta property=\"og:locale\" content=\"en_US\" \/>\n<meta property=\"og:type\" content=\"article\" \/>\n<meta property=\"og:title\" content=\"Gift card - My French Tour\" \/>\n<meta property=\"og:description\" content=\"D\u00e9couvrez la Bourgogne et son vignobles. R\u00e9servez un tour insolite et explorez la route des vins de Bourgogne. Visites de caves, d\u00e9gustations, evg\/ evjf.\" \/>\n<meta property=\"og:url\" content=\"https:\/\/www.myfrenchtour.com\/en\/gift-card\/\" \/>\n<meta property=\"og:site_name\" content=\"My French Tour\" \/>\n<meta property=\"article:publisher\" content=\"https:\/\/www.facebook.com\/Myfrenchtour\/\" \/>\n<meta property=\"article:modified_time\" content=\"2024-05-17T12:51:27+00:00\" \/>\n<meta property=\"og:image\" content=\"https:\/\/www.myfrenchtour.com\/wp-content\/uploads\/2022\/03\/Recto-Bon-cadeau-My-French-Tour.png\" \/>\n\t<meta property=\"og:image:width\" content=\"2480\" \/>\n\t<meta property=\"og:image:height\" content=\"1181\" \/>\n\t<meta property=\"og:image:type\" content=\"image\/png\" \/>\n<meta name=\"twitter:card\" content=\"summary_large_image\" \/>\n<meta name=\"twitter:label1\" content=\"Est. reading time\" \/>\n\t<meta name=\"twitter:data1\" content=\"4 minutes\" \/>\n<script type=\"application\/ld+json\" class=\"yoast-schema-graph\">{\"@context\":\"https:\\\/\\\/schema.org\",\"@graph\":[{\"@type\":\"WebPage\",\"@id\":\"https:\\\/\\\/www.myfrenchtour.com\\\/en\\\/gift-card\\\/\",\"url\":\"https:\\\/\\\/www.myfrenchtour.com\\\/en\\\/gift-card\\\/\",\"name\":\"Gift card - My French Tour\",\"isPartOf\":{\"@id\":\"https:\\\/\\\/www.myfrenchtour.com\\\/en\\\/#website\"},\"primaryImageOfPage\":{\"@id\":\"https:\\\/\\\/www.myfrenchtour.com\\\/en\\\/gift-card\\\/#primaryimage\"},\"image\":{\"@id\":\"https:\\\/\\\/www.myfrenchtour.com\\\/en\\\/gift-card\\\/#primaryimage\"},\"thumbnailUrl\":\"https:\\\/\\\/www.myfrenchtour.com\\\/wp-content\\\/uploads\\\/2022\\\/03\\\/Recto-Bon-cadeau-My-French-Tour.png\",\"datePublished\":\"2022-03-25T15:17:25+00:00\",\"dateModified\":\"2024-05-17T12:51:27+00:00\",\"description\":\"D\u00e9couvrez la Bourgogne et son vignobles. R\u00e9servez un tour insolite et explorez la route des vins de Bourgogne. Visites de caves, d\u00e9gustations, evg\\\/ evjf.\",\"breadcrumb\":{\"@id\":\"https:\\\/\\\/www.myfrenchtour.com\\\/en\\\/gift-card\\\/#breadcrumb\"},\"inLanguage\":\"en-US\",\"potentialAction\":[{\"@type\":\"ReadAction\",\"target\":[\"https:\\\/\\\/www.myfrenchtour.com\\\/en\\\/gift-card\\\/\"]}]},{\"@type\":\"ImageObject\",\"inLanguage\":\"en-US\",\"@id\":\"https:\\\/\\\/www.myfrenchtour.com\\\/en\\\/gift-card\\\/#primaryimage\",\"url\":\"https:\\\/\\\/www.myfrenchtour.com\\\/wp-content\\\/uploads\\\/2022\\\/03\\\/Recto-Bon-cadeau-My-French-Tour.png\",\"contentUrl\":\"https:\\\/\\\/www.myfrenchtour.com\\\/wp-content\\\/uploads\\\/2022\\\/03\\\/Recto-Bon-cadeau-My-French-Tour.png\",\"width\":2480,\"height\":1181,\"caption\":\"Burgundy excursion gift card\"},{\"@type\":\"BreadcrumbList\",\"@id\":\"https:\\\/\\\/www.myfrenchtour.com\\\/en\\\/gift-card\\\/#breadcrumb\",\"itemListElement\":[{\"@type\":\"ListItem\",\"position\":1,\"name\":\"Accueil\",\"item\":\"https:\\\/\\\/www.myfrenchtour.com\\\/en\\\/\"},{\"@type\":\"ListItem\",\"position\":2,\"name\":\"Gift card\"}]},{\"@type\":\"WebSite\",\"@id\":\"https:\\\/\\\/www.myfrenchtour.com\\\/en\\\/#website\",\"url\":\"https:\\\/\\\/www.myfrenchtour.com\\\/en\\\/\",\"name\":\"My French Tour\",\"description\":\"Tours dans le vignoble en Bourgogne\",\"publisher\":{\"@id\":\"https:\\\/\\\/www.myfrenchtour.com\\\/en\\\/#organization\"},\"potentialAction\":[{\"@type\":\"SearchAction\",\"target\":{\"@type\":\"EntryPoint\",\"urlTemplate\":\"https:\\\/\\\/www.myfrenchtour.com\\\/en\\\/?s={search_term_string}\"},\"query-input\":{\"@type\":\"PropertyValueSpecification\",\"valueRequired\":true,\"valueName\":\"search_term_string\"}}],\"inLanguage\":\"en-US\"},{\"@type\":\"Organization\",\"@id\":\"https:\\\/\\\/www.myfrenchtour.com\\\/en\\\/#organization\",\"name\":\"My French Tour\",\"url\":\"https:\\\/\\\/www.myfrenchtour.com\\\/en\\\/\",\"logo\":{\"@type\":\"ImageObject\",\"inLanguage\":\"en-US\",\"@id\":\"https:\\\/\\\/www.myfrenchtour.com\\\/en\\\/#\\\/schema\\\/logo\\\/image\\\/\",\"url\":\"https:\\\/\\\/www.myfrenchtour.com\\\/wp-content\\\/uploads\\\/2020\\\/03\\\/My-French-Tour-logo.svg\",\"contentUrl\":\"https:\\\/\\\/www.myfrenchtour.com\\\/wp-content\\\/uploads\\\/2020\\\/03\\\/My-French-Tour-logo.svg\",\"width\":\"1024\",\"height\":\"1024\",\"caption\":\"My French Tour\"},\"image\":{\"@id\":\"https:\\\/\\\/www.myfrenchtour.com\\\/en\\\/#\\\/schema\\\/logo\\\/image\\\/\"},\"sameAs\":[\"https:\\\/\\\/www.facebook.com\\\/Myfrenchtour\\\/\",\"https:\\\/\\\/www.instagram.com\\\/myfrenchtour\\\/\"]}]}<\/script>\n<!-- \/ Yoast SEO plugin. -->","yoast_head_json":{"title":"Gift card - My French Tour","description":"D\u00e9couvrez la Bourgogne et son vignobles. R\u00e9servez un tour insolite et explorez la route des vins de Bourgogne. Visites de caves, d\u00e9gustations, evg\/ evjf.","robots":{"index":"index","follow":"follow","max-snippet":"max-snippet:-1","max-image-preview":"max-image-preview:large","max-video-preview":"max-video-preview:-1"},"canonical":"https:\/\/www.myfrenchtour.com\/en\/gift-card\/","og_locale":"en_US","og_type":"article","og_title":"Gift card - My French Tour","og_description":"D\u00e9couvrez la Bourgogne et son vignobles. R\u00e9servez un tour insolite et explorez la route des vins de Bourgogne. Visites de caves, d\u00e9gustations, evg\/ evjf.","og_url":"https:\/\/www.myfrenchtour.com\/en\/gift-card\/","og_site_name":"My French Tour","article_publisher":"https:\/\/www.facebook.com\/Myfrenchtour\/","article_modified_time":"2024-05-17T12:51:27+00:00","og_image":[{"width":2480,"height":1181,"url":"https:\/\/www.myfrenchtour.com\/wp-content\/uploads\/2022\/03\/Recto-Bon-cadeau-My-French-Tour.png","type":"image\/png"}],"twitter_card":"summary_large_image","twitter_misc":{"Est. reading time":"4 minutes"},"schema":{"@context":"https:\/\/schema.org","@graph":[{"@type":"WebPage","@id":"https:\/\/www.myfrenchtour.com\/en\/gift-card\/","url":"https:\/\/www.myfrenchtour.com\/en\/gift-card\/","name":"Gift card - My French Tour","isPartOf":{"@id":"https:\/\/www.myfrenchtour.com\/en\/#website"},"primaryImageOfPage":{"@id":"https:\/\/www.myfrenchtour.com\/en\/gift-card\/#primaryimage"},"image":{"@id":"https:\/\/www.myfrenchtour.com\/en\/gift-card\/#primaryimage"},"thumbnailUrl":"https:\/\/www.myfrenchtour.com\/wp-content\/uploads\/2022\/03\/Recto-Bon-cadeau-My-French-Tour.png","datePublished":"2022-03-25T15:17:25+00:00","dateModified":"2024-05-17T12:51:27+00:00","description":"D\u00e9couvrez la Bourgogne et son vignobles. R\u00e9servez un tour insolite et explorez la route des vins de Bourgogne. Visites de caves, d\u00e9gustations, evg\/ evjf.","breadcrumb":{"@id":"https:\/\/www.myfrenchtour.com\/en\/gift-card\/#breadcrumb"},"inLanguage":"en-US","potentialAction":[{"@type":"ReadAction","target":["https:\/\/www.myfrenchtour.com\/en\/gift-card\/"]}]},{"@type":"ImageObject","inLanguage":"en-US","@id":"https:\/\/www.myfrenchtour.com\/en\/gift-card\/#primaryimage","url":"https:\/\/www.myfrenchtour.com\/wp-content\/uploads\/2022\/03\/Recto-Bon-cadeau-My-French-Tour.png","contentUrl":"https:\/\/www.myfrenchtour.com\/wp-content\/uploads\/2022\/03\/Recto-Bon-cadeau-My-French-Tour.png","width":2480,"height":1181,"caption":"Burgundy excursion gift card"},{"@type":"BreadcrumbList","@id":"https:\/\/www.myfrenchtour.com\/en\/gift-card\/#breadcrumb","itemListElement":[{"@type":"ListItem","position":1,"name":"Accueil","item":"https:\/\/www.myfrenchtour.com\/en\/"},{"@type":"ListItem","position":2,"name":"Gift card"}]},{"@type":"WebSite","@id":"https:\/\/www.myfrenchtour.com\/en\/#website","url":"https:\/\/www.myfrenchtour.com\/en\/","name":"My French Tour","description":"Tours dans le vignoble en Bourgogne","publisher":{"@id":"https:\/\/www.myfrenchtour.com\/en\/#organization"},"potentialAction":[{"@type":"SearchAction","target":{"@type":"EntryPoint","urlTemplate":"https:\/\/www.myfrenchtour.com\/en\/?s={search_term_string}"},"query-input":{"@type":"PropertyValueSpecification","valueRequired":true,"valueName":"search_term_string"}}],"inLanguage":"en-US"},{"@type":"Organization","@id":"https:\/\/www.myfrenchtour.com\/en\/#organization","name":"My French Tour","url":"https:\/\/www.myfrenchtour.com\/en\/","logo":{"@type":"ImageObject","inLanguage":"en-US","@id":"https:\/\/www.myfrenchtour.com\/en\/#\/schema\/logo\/image\/","url":"https:\/\/www.myfrenchtour.com\/wp-content\/uploads\/2020\/03\/My-French-Tour-logo.svg","contentUrl":"https:\/\/www.myfrenchtour.com\/wp-content\/uploads\/2020\/03\/My-French-Tour-logo.svg","width":"1024","height":"1024","caption":"My French Tour"},"image":{"@id":"https:\/\/www.myfrenchtour.com\/en\/#\/schema\/logo\/image\/"},"sameAs":["https:\/\/www.facebook.com\/Myfrenchtour\/","https:\/\/www.instagram.com\/myfrenchtour\/"]}]}},"_links":{"self":[{"href":"https:\/\/www.myfrenchtour.com\/en\/wp-json\/wp\/v2\/pages\/3462","targetHints":{"allow":["GET"]}}],"collection":[{"href":"https:\/\/www.myfrenchtour.com\/en\/wp-json\/wp\/v2\/pages"}],"about":[{"href":"https:\/\/www.myfrenchtour.com\/en\/wp-json\/wp\/v2\/types\/page"}],"author":[{"embeddable":true,"href":"https:\/\/www.myfrenchtour.com\/en\/wp-json\/wp\/v2\/users\/1"}],"replies":[{"embeddable":true,"href":"https:\/\/www.myfrenchtour.com\/en\/wp-json\/wp\/v2\/comments?post=3462"}],"version-history":[{"count":26,"href":"https:\/\/www.myfrenchtour.com\/en\/wp-json\/wp\/v2\/pages\/3462\/revisions"}],"predecessor-version":[{"id":6176,"href":"https:\/\/www.myfrenchtour.com\/en\/wp-json\/wp\/v2\/pages\/3462\/revisions\/6176"}],"wp:featuredmedia":[{"embeddable":true,"href":"https:\/\/www.myfrenchtour.com\/en\/wp-json\/wp\/v2\/media\/2914"}],"wp:attachment":[{"href":"https:\/\/www.myfrenchtour.com\/en\/wp-json\/wp\/v2\/media?parent=3462"}],"curies":[{"name":"wp","href":"https:\/\/api.w.org\/{rel}","templated":true}]}}